{"id":22,"date":"2012-04-01T00:44:46","date_gmt":"2012-04-01T00:44:46","guid":{"rendered":"http:\/\/voicesintheclouds.com.vm-host.net\/wordpress\/?page_id=22"},"modified":"2012-04-15T21:17:40","modified_gmt":"2012-04-15T21:17:40","slug":"credits","status":"publish","type":"page","link":"http:\/\/voicesintheclouds.com\/?page_id=22","title":{"rendered":"Credits"},"content":{"rendered":"<p>Produced and Directed by<\/p>\n<p>Aaron Hos\u00e9<\/p>\n<p>&nbsp;<\/p>\n<p>Produced by<\/p>\n<p>Chris Bremer<\/p>\n<p>John Schaub<\/p>\n<p>&nbsp;<\/p>\n<p>Inspired by the article<\/p>\n<p>\u201cVillage in the Clouds\u201d<\/p>\n<p>Written by<\/p>\n<p>Tony Coolidge<\/p>\n<p>&nbsp;<\/p>\n<p>Adapted by<\/p>\n<p>Aaron Hos\u00e9<\/p>\n<p>&nbsp;<\/p>\n<p>Photography by<\/p>\n<p>Aaron Hos\u00e9<\/p>\n<p>Chris Bremer<\/p>\n<p>&nbsp;<\/p>\n<p>Edited by<\/p>\n<p>Aaron Hos\u00e9<\/p>\n<p>John Schaub<\/p>\n<p>&nbsp;<\/p>\n<p>Associate Producer<\/p>\n<p>Derek Bedini<\/p>\n<p>&nbsp;<\/p>\n<p>Original Score Composed by<\/p>\n<p>Stella Sung<\/p>\n<p>&nbsp;<\/p>\n<p>Production Managers<\/p>\n<p>Philip Diller<\/p>\n<p>Tammy Turner<\/p>\n<p>Li De-Wei<\/p>\n<p>&nbsp;<\/p>\n<p>Sound Engineer<\/p>\n<p>Alex Cromartie<\/p>\n<p>&nbsp;<\/p>\n<p>Score Mixer<\/p>\n<p>Jon Friskics<\/p>\n<p>&nbsp;<\/p>\n<p>This film was made possible through grants and contributions from The ATAYAL Organization, the Taiwanese United Fund, Pristine Communications, and the Taiwan Indigenous Cultural Enterprise Development Association (TICEDA).<\/p>\n<p>&nbsp;<\/p>\n<p>77 minutes \u2022 Color\/1.78:1 \u2022 English and Mandarin Chinese<\/p>\n","protected":false},"excerpt":{"rendered":"<p>Produced and Directed by Aaron Hos\u00e9 &nbsp; Produced by Chris Bremer John Schaub &nbsp; Inspired by the article \u201cVillage in the Clouds\u201d Written by Tony Coolidge &nbsp; Adapted by Aaron Hos\u00e9 &nbsp; Photography by Aaron Hos\u00e9 Chris Bremer &nbsp; Edited by Aaron Hos\u00e9 John Schaub &nbsp; Associate Producer Derek Bedini &nbsp; Original Score Composed by [&hellip;]<\/p>\n","protected":false},"author":2,"featured_media":0,"parent":5,"menu_order":0,"comment_status":"closed","ping_status":"open","template":"","meta":{"footnotes":""},"class_list":["post-22","page","type-page","status-publish","hentry"],"_links":{"self":[{"href":"http:\/\/voicesintheclouds.com\/index.php?rest_route=\/wp\/v2\/pages\/22","targetHints":{"allow":["GET"]}}],"collection":[{"href":"http:\/\/voicesintheclouds.com\/index.php?rest_route=\/wp\/v2\/pages"}],"about":[{"href":"http:\/\/voicesintheclouds.com\/index.php?rest_route=\/wp\/v2\/types\/page"}],"author":[{"embeddable":true,"href":"http:\/\/voicesintheclouds.com\/index.php?rest_route=\/wp\/v2\/users\/2"}],"replies":[{"embeddable":true,"href":"http:\/\/voicesintheclouds.com\/index.php?rest_route=%2Fwp%2Fv2%2Fcomments&post=22"}],"version-history":[{"count":3,"href":"http:\/\/voicesintheclouds.com\/index.php?rest_route=\/wp\/v2\/pages\/22\/revisions"}],"predecessor-version":[{"id":214,"href":"http:\/\/voicesintheclouds.com\/index.php?rest_route=\/wp\/v2\/pages\/22\/revisions\/214"}],"up":[{"embeddable":true,"href":"http:\/\/voicesintheclouds.com\/index.php?rest_route=\/wp\/v2\/pages\/5"}],"wp:attachment":[{"href":"http:\/\/voicesintheclouds.com\/index.php?rest_route=%2Fwp%2Fv2%2Fmedia&parent=22"}],"curies":[{"name":"wp","href":"https:\/\/api.w.org\/{rel}","templated":true}]}}